{"id":878,"date":"2022-02-17T11:28:47","date_gmt":"2022-02-17T11:28:47","guid":{"rendered":"https:\/\/criacoesvirginia.pt\/loja\/?post_type=product&#038;p=878"},"modified":"2023-04-12T16:06:19","modified_gmt":"2023-04-12T16:06:19","slug":"saco-nordico-100-algodao-colecao-iris","status":"publish","type":"product","link":"https:\/\/criacoesvirginia.pt\/loja\/produto\/saco-nordico-100-algodao-colecao-iris\/","title":{"rendered":"Saco N\u00f3rdico 100% Algod\u00e3o &#8211; Cole\u00e7\u00e3o \u00cdris"},"content":{"rendered":"<p>Um saco n\u00f3rdico em <em>100% algod\u00e3o<\/em>, 144 fios\/m2, fabricado com a garantia da certifica\u00e7\u00e3o OEKO-TEX e com um <a href=\"https:\/\/pt.wikipedia.org\/wiki\/Tingimento_reativo\" target=\"_blank\" rel=\"noopener\"><em><strong>tingimento reativo<\/strong><\/em><\/a> que confere um toque natural e suave, conservando ao m\u00e1ximo as propriedades da cor do tecido<em>,<\/em> proporcionando assim uma maior durabilidade, assim como um \u00f3timo conforto para que tenha um descanso saud\u00e1vel e um sono reparador.<\/p>\n<p>O <em>saco de edred\u00e3o<\/em><em>\u00a0<\/em>leva uma renda bordado ingl\u00eas e uma barra de cor aplicados (+\/- 90cm) do topo, a dividir o tecido branco que comp\u00f5e a totalidade do saco de edred\u00e3o.<\/p>\n<p>O verso \u00e9 igualmente em tecido branco <em>100% algod\u00e3o, <\/em>para que possa desfrutar da leveza e suavidade do <em>Algod\u00e3o<\/em>, e tenha uma noite de conforto inigual\u00e1vel!<\/p>\n<p>Fabricado em <em>100%<\/em> <em>algod\u00e3o<\/em>, este saco n\u00f3rdico da nossa marca <em>Pura &#8211; home textile\u00ae<\/em>, combina o melhor da tecnologia com a <em>pureza do algod\u00e3o!!<\/em><\/p>\n<p><em>Est\u00e1 dispon\u00edvel em v\u00e1rias cores e medidas.<\/em><\/p>\n<p><strong>Escolha a sua combina\u00e7\u00e3o perfeita!<\/strong><\/p>\n<p>O tamanho das fronhas \u00e9 de 50x50cm. O saco para cama de casal tem duas fronhas e o para cama de solteiro apenas uma.<\/p>\n<p><em>O selo de qualidade Oeko-Tex\u00ae garante que os artigos testados e certificados n\u00e3o apresentam subst\u00e2ncias prejudiciais \u00e0 sa\u00fade.<\/em><\/p>\n<p>Fabricado em Portugal.<\/p>\n<p><em>Cria\u00e7\u00f5es Virg\u00ednia\u00ae<\/em><\/p>\n","protected":false},"excerpt":{"rendered":"<h1>Cole\u00e7\u00e3o \u00cdris<\/h1>\n<p>Saco de Edred\u00e3o em <em>100% Algod\u00e3o<\/em>, com selo de qualidade Oeko-Tex\u00ae e <a href=\"https:\/\/pt.wikipedia.org\/wiki\/Tingimento_reativo\" target=\"_blank\" rel=\"noopener\"><em><strong>tingimento reativo!!<\/strong><\/em><\/a><\/p>\n<p><em>Est\u00e1 dispon\u00edvel em v\u00e1rias cores e medidas.<\/em><\/p>\n<p><strong>Escolha a sua combina\u00e7\u00e3o perfeita!<\/strong><\/p>\n<p>Fabricado em <em>100%<\/em> <em>algod\u00e3o<\/em>, este saco de edred\u00e3o da nossa marca <em>Pura &#8211; home textile\u00ae<\/em>, combina o melhor da tecnologia com a <em>pureza do algod\u00e3o!<\/em><\/p>\n<blockquote>\n<h2>Tamb\u00e9m dispon\u00edvel em Jogo de Cama e Jogo de Banho!<\/h2>\n<\/blockquote>\n<ul>\n<li>Visite-nos no <a href=\"https:\/\/www.facebook.com\/CriacoesVirginia\" target=\"_blank\" rel=\"noopener noreferrer\">Facebook <\/a>ou\u00a0<a href=\"https:\/\/www.instagram.com\/criacoesvirginia\/\" target=\"_blank\" rel=\"noopener noreferrer\">Instagram<\/a>\u00a0e acompanhe todas as novidades!<\/li>\n<\/ul>\n<p>&nbsp;<\/p>\n<p><em>Produto fabricado em Portugal<\/em><\/p>\n<p><em>Cria\u00e7\u00f5es Virg\u00ednia\u00ae<\/em><\/p>\n","protected":false},"featured_media":882,"template":"","meta":{"_monsterinsights_skip_tracking":false,"_monsterinsights_sitenote_active":false,"_monsterinsights_sitenote_note":"","_monsterinsights_sitenote_category":0},"product_brand":[],"product_cat":[18],"product_tag":[186],"class_list":{"0":"post-878","1":"product","2":"type-product","3":"status-publish","4":"has-post-thumbnail","6":"product_cat-sacos-nordicos","7":"product_tag-colecao-iris","9":"first","10":"instock","11":"taxable","12":"shipping-taxable","13":"purchasable","14":"product-type-variable","15":"has-default-attributes"},"_links":{"self":[{"href":"https:\/\/criacoesvirginia.pt\/loja\/wp-json\/wp\/v2\/product\/878","targetHints":{"allow":["GET"]}}],"collection":[{"href":"https:\/\/criacoesvirginia.pt\/loja\/wp-json\/wp\/v2\/product"}],"about":[{"href":"https:\/\/criacoesvirginia.pt\/loja\/wp-json\/wp\/v2\/types\/product"}],"wp:featuredmedia":[{"embeddable":true,"href":"https:\/\/criacoesvirginia.pt\/loja\/wp-json\/wp\/v2\/media\/882"}],"wp:attachment":[{"href":"https:\/\/criacoesvirginia.pt\/loja\/wp-json\/wp\/v2\/media?parent=878"}],"wp:term":[{"taxonomy":"product_brand","embeddable":true,"href":"https:\/\/criacoesvirginia.pt\/loja\/wp-json\/wp\/v2\/product_brand?post=878"},{"taxonomy":"product_cat","embeddable":true,"href":"https:\/\/criacoesvirginia.pt\/loja\/wp-json\/wp\/v2\/product_cat?post=878"},{"taxonomy":"product_tag","embeddable":true,"href":"https:\/\/criacoesvirginia.pt\/loja\/wp-json\/wp\/v2\/product_tag?post=878"}],"curies":[{"name":"wp","href":"https:\/\/api.w.org\/{rel}","templated":true}]}}