{"id":504,"date":"2021-09-08T11:30:43","date_gmt":"2021-09-08T11:30:43","guid":{"rendered":"https:\/\/criacoesvirginia.pt\/loja\/?post_type=product&#038;p=504"},"modified":"2023-04-12T16:14:21","modified_gmt":"2023-04-12T16:14:21","slug":"jogo-de-banho-100-algodao-natural-colecao-ellie","status":"publish","type":"product","link":"https:\/\/criacoesvirginia.pt\/loja\/produto\/jogo-de-banho-100-algodao-natural-colecao-ellie\/","title":{"rendered":"Jogo de Banho 100% Algod\u00e3o Natural &#8211; Cole\u00e7\u00e3o Ellie"},"content":{"rendered":"<p>Um jogo de banho em <em>100% algod\u00e3o natural<\/em>, 400grs\/m2, fabricado com a garantia da certifica\u00e7\u00e3o OEKO-TEX e com um acabamento sem tintas e sem qu\u00edmicos que confere aos len\u00e7\u00f3is um toque natural e suave, conservando ao m\u00e1ximo as propriedades naturais do <em>Algod\u00e3o,<\/em> proporcionando assim um maior conforto para que tenha um descansado saud\u00e1vel e um sono reparador.<\/p>\n<p>Conjunto de toalhas com <em>renda<\/em> em aplicada no topo, para decorar a sua casa de banho.<\/p>\n<p>As toalhas t\u00eam um toque suave e macio em 100% de algod\u00e3o, e a sua gramagem de <em>400grs\/m2<\/em> permite uma r\u00e1pida absor\u00e7\u00e3o e conforto!<\/p>\n<p>Fabricado em puro <em>algod\u00e3o natural<\/em>, este jogo de banho da nossa marca <em>Pura -home textile\u00ae<\/em>, combina o melhor da tecnologia com a pureza do algod\u00e3o!<\/p>\n<blockquote><p><em>Este produto \u00e9 amigo do ambiente<\/em>, n\u00e3o utiliza tintas no processo de acabamento, Eco-Friendly.<\/p>\n<p><img decoding=\"async\" class=\"alignnone wp-image-460\" src=\"https:\/\/criacoesvirginia.pt\/loja\/wp-content\/uploads\/2021\/09\/E-F-150x150.jpg\" alt=\"\" width=\"86\" height=\"86\" srcset=\"https:\/\/criacoesvirginia.pt\/loja\/wp-content\/uploads\/2021\/09\/E-F-150x150.jpg 150w, https:\/\/criacoesvirginia.pt\/loja\/wp-content\/uploads\/2021\/09\/E-F-300x300.jpg 300w, https:\/\/criacoesvirginia.pt\/loja\/wp-content\/uploads\/2021\/09\/E-F-100x100.jpg 100w, https:\/\/criacoesvirginia.pt\/loja\/wp-content\/uploads\/2021\/09\/E-F-1000x1005.jpg 1000w, https:\/\/criacoesvirginia.pt\/loja\/wp-content\/uploads\/2021\/09\/E-F-1019x1024.jpg 1019w, https:\/\/criacoesvirginia.pt\/loja\/wp-content\/uploads\/2021\/09\/E-F-768x772.jpg 768w, https:\/\/criacoesvirginia.pt\/loja\/wp-content\/uploads\/2021\/09\/E-F-1528x1536.jpg 1528w, https:\/\/criacoesvirginia.pt\/loja\/wp-content\/uploads\/2021\/09\/E-F-2038x2048.jpg 2038w\" sizes=\"(max-width: 86px) 100vw, 86px\" \/><\/p><\/blockquote>\n<p>Est\u00e1 dispon\u00edvel em <strong>6 ou 3 pe\u00e7as<\/strong>, na cor natural.<\/p>\n<p>O conjunto de 6 toalhas tem as seguintes medidas\/quantidades:<\/p>\n<blockquote><p>2 \u2013 Len\u00e7\u00f3is banho 1.00&#215;1.50m<\/p>\n<p>2 \u2013 Toalhas 0.50&#215;1.00m<\/p>\n<p>2 \u2013 Toalhetes 0.30&#215;0.50m<\/p><\/blockquote>\n<p>O conjunto de 3 toalhas tem as seguintes medidas\/quantidades:<\/p>\n<blockquote><p>1 \u2013 Len\u00e7ol banho 1.00&#215;1.50m<\/p>\n<p>1 \u2013 Toalha 0.50&#215;1.00m<\/p>\n<p>1 \u2013 Toalhete 0.30&#215;0.50m<\/p><\/blockquote>\n<p>&nbsp;<\/p>\n<p><strong>Escolha a sua combina\u00e7\u00e3o perfeita!<\/strong><\/p>\n<p><em>O selo de qualidade Oeko-Tex\u00ae garante que os artigos testados e certificados n\u00e3o apresentam subst\u00e2ncias prejudiciais \u00e0 sa\u00fade.<\/em><\/p>\n<p>Fabricado em Portugal.<\/p>\n<p><em>Cria\u00e7\u00f5es Virg\u00ednia\u00ae<\/em><\/p>\n","protected":false},"excerpt":{"rendered":"<h1>Cole\u00e7\u00e3o Ellie<\/h1>\n<p>Jogo de banho em <em>100% Algod\u00e3o Natural<\/em>, com selo de qualidade Oeko-Tex\u00ae.<\/p>\n<p>Fabricado em puro <em>algod\u00e3o natural<\/em>, este jogo de banho da nossa marca <em>Pura &#8211; home textile\u00ae<\/em>, est\u00e1 dispon\u00edvel em <strong><em>\u00a06 ou 3 pe\u00e7as!<\/em><\/strong><\/p>\n<p><strong>Escolha a sua combina\u00e7\u00e3o perfeita!<\/strong><\/p>\n<blockquote>\n<h2>Tamb\u00e9m dispon\u00edvel em <a href=\"https:\/\/criacoesvirginia.pt\/loja\/produto\/jogo-de-cama-100-algodao-natural-colecao-ellie\/\" target=\"_blank\" rel=\"noopener\">Jogo de Cama<\/a> e <a href=\"https:\/\/criacoesvirginia.pt\/loja\/produto\/saco-nordico-100-algodao-natural-colecao-ellie\/\" target=\"_blank\" rel=\"noopener\">Saco N\u00f3rdico!<\/a><\/h2>\n<\/blockquote>\n<ul>\n<li>Visite-nos no <a href=\"https:\/\/www.facebook.com\/CriacoesVirginia\" target=\"_blank\" rel=\"noopener noreferrer\">Facebook <\/a>ou\u00a0<a href=\"https:\/\/www.instagram.com\/criacoesvirginia\/\" target=\"_blank\" rel=\"noopener noreferrer\">Instagram<\/a>\u00a0e acompanhe todas as novidades!<\/li>\n<\/ul>\n<p>&nbsp;<\/p>\n<p><em>Produto fabricado em Portugal<\/em><\/p>\n<p><em>Cria\u00e7\u00f5es Virg\u00ednia\u00ae<\/em><\/p>\n","protected":false},"featured_media":2829,"template":"","meta":{"_monsterinsights_skip_tracking":false,"_monsterinsights_sitenote_active":false,"_monsterinsights_sitenote_note":"","_monsterinsights_sitenote_category":0},"product_brand":[],"product_cat":[16],"product_tag":[159],"class_list":{"0":"post-504","1":"product","2":"type-product","3":"status-publish","4":"has-post-thumbnail","6":"product_cat-jogos-de-banho","7":"product_tag-colecao-ellie","9":"first","10":"instock","11":"taxable","12":"shipping-taxable","13":"purchasable","14":"product-type-variable","15":"has-default-attributes"},"_links":{"self":[{"href":"https:\/\/criacoesvirginia.pt\/loja\/wp-json\/wp\/v2\/product\/504","targetHints":{"allow":["GET"]}}],"collection":[{"href":"https:\/\/criacoesvirginia.pt\/loja\/wp-json\/wp\/v2\/product"}],"about":[{"href":"https:\/\/criacoesvirginia.pt\/loja\/wp-json\/wp\/v2\/types\/product"}],"wp:featuredmedia":[{"embeddable":true,"href":"https:\/\/criacoesvirginia.pt\/loja\/wp-json\/wp\/v2\/media\/2829"}],"wp:attachment":[{"href":"https:\/\/criacoesvirginia.pt\/loja\/wp-json\/wp\/v2\/media?parent=504"}],"wp:term":[{"taxonomy":"product_brand","embeddable":true,"href":"https:\/\/criacoesvirginia.pt\/loja\/wp-json\/wp\/v2\/product_brand?post=504"},{"taxonomy":"product_cat","embeddable":true,"href":"https:\/\/criacoesvirginia.pt\/loja\/wp-json\/wp\/v2\/product_cat?post=504"},{"taxonomy":"product_tag","embeddable":true,"href":"https:\/\/criacoesvirginia.pt\/loja\/wp-json\/wp\/v2\/product_tag?post=504"}],"curies":[{"name":"wp","href":"https:\/\/api.w.org\/{rel}","templated":true}]}}