{"id":4601,"date":"2023-09-19T15:24:57","date_gmt":"2023-09-19T15:24:57","guid":{"rendered":"https:\/\/criacoesvirginia.pt\/loja\/?post_type=product&#038;p=4601"},"modified":"2023-12-06T09:54:58","modified_gmt":"2023-12-06T09:54:58","slug":"jogo-de-cama-flanela-100-algodao-colecao-905","status":"publish","type":"product","link":"https:\/\/criacoesvirginia.pt\/loja\/produto\/jogo-de-cama-flanela-100-algodao-colecao-905\/","title":{"rendered":"Jogo de Cama Flanela 100% Algod\u00e3o &#8211; Cole\u00e7\u00e3o 905"},"content":{"rendered":"<p>Um jogo de cama de flanela em 100% algod\u00e3o, fabricado com a garantia da certifica\u00e7\u00e3o OEKO-TEX e com um acabamento macio que confere aos len\u00e7\u00f3is um toque suave, proporcionando um maior conforto para que tenha um descanso saud\u00e1vel e um sono reparador mesmo nas noites mais frias.<\/p>\n<p>O len\u00e7ol de cima e as fronhas s\u00e3o estampados com um padr\u00e3o ic\u00f3nico e intemporal.\u00a0 O len\u00e7ol de baixo \u00e9 ajust\u00e1vel ao seu colch\u00e3o, com o mesmo tom do len\u00e7ol de cima.<\/p>\n<p>Fabricado em puro algod\u00e3o, este jogo de len\u00e7\u00f3is da nossa marca <em>Pura &#8211; home textile\u00ae<\/em>, combina o melhor da tecnologia com a pureza do algod\u00e3o.<\/p>\n<p>Est\u00e1 dispon\u00edvel em v\u00e1rias cores e medidas.<\/p>\n<p>Escolha a sua combina\u00e7\u00e3o perfeita!<\/p>\n<p>O tamanho das fronhas \u00e9 de 50x70cm. O jogo de casal tem duas fronhas e o de solteiro apenas uma.<\/p>\n<p><em>O selo de qualidade Oeko-Tex\u00ae garante que os artigos testados e certificados n\u00e3o apresentam subst\u00e2ncias prejudiciais \u00e0 sa\u00fade.<\/em><\/p>\n<p>Fabricado em Portugal.<\/p>\n<p><em>Cria\u00e7\u00f5es Virg\u00ednia\u00ae<\/em><\/p>\n<p>&nbsp;<\/p>\n","protected":false},"excerpt":{"rendered":"<h1>Cole\u00e7\u00e3o Flanela 905<\/h1>\n<p>Jogo de cama de flanela 100% Algod\u00e3o, com selo de qualidade Oeko-Tex\u00ae.<\/p>\n<p>Fabricado em puro algod\u00e3o, este jogo de len\u00e7\u00f3is da nossa marca <em>Pura &#8211; home textile\u00ae<\/em>, est\u00e1 dispon\u00edvel em tr\u00eas desenhos com v\u00e1rias cores e medidas.<\/p>\n<ul>\n<li>Visite-nos no <a href=\"https:\/\/www.facebook.com\/CriacoesVirginia\" target=\"_blank\" rel=\"noopener noreferrer\">Facebook <\/a>ou\u00a0<a href=\"https:\/\/www.instagram.com\/criacoesvirginia\/\" target=\"_blank\" rel=\"noopener noreferrer\">Instagram<\/a>\u00a0e acompanhe todas as novidades!<\/li>\n<\/ul>\n<p>&nbsp;<\/p>\n<p><em>Produto fabricado em Portugal<\/em><\/p>\n<p><em>Cria\u00e7\u00f5es Virg\u00ednia\u00ae<\/em><\/p>\n","protected":false},"featured_media":4754,"template":"","meta":{"_monsterinsights_skip_tracking":false,"_monsterinsights_sitenote_active":false,"_monsterinsights_sitenote_note":"","_monsterinsights_sitenote_category":0},"product_brand":[],"product_cat":[17],"product_tag":[290,291],"class_list":{"0":"post-4601","1":"product","2":"type-product","3":"status-publish","4":"has-post-thumbnail","6":"product_cat-jogos-de-cama","7":"product_tag-colecao-905","8":"product_tag-flanela","10":"first","11":"instock","12":"taxable","13":"shipping-taxable","14":"purchasable","15":"product-type-variable","16":"has-default-attributes"},"_links":{"self":[{"href":"https:\/\/criacoesvirginia.pt\/loja\/wp-json\/wp\/v2\/product\/4601","targetHints":{"allow":["GET"]}}],"collection":[{"href":"https:\/\/criacoesvirginia.pt\/loja\/wp-json\/wp\/v2\/product"}],"about":[{"href":"https:\/\/criacoesvirginia.pt\/loja\/wp-json\/wp\/v2\/types\/product"}],"wp:featuredmedia":[{"embeddable":true,"href":"https:\/\/criacoesvirginia.pt\/loja\/wp-json\/wp\/v2\/media\/4754"}],"wp:attachment":[{"href":"https:\/\/criacoesvirginia.pt\/loja\/wp-json\/wp\/v2\/media?parent=4601"}],"wp:term":[{"taxonomy":"product_brand","embeddable":true,"href":"https:\/\/criacoesvirginia.pt\/loja\/wp-json\/wp\/v2\/product_brand?post=4601"},{"taxonomy":"product_cat","embeddable":true,"href":"https:\/\/criacoesvirginia.pt\/loja\/wp-json\/wp\/v2\/product_cat?post=4601"},{"taxonomy":"product_tag","embeddable":true,"href":"https:\/\/criacoesvirginia.pt\/loja\/wp-json\/wp\/v2\/product_tag?post=4601"}],"curies":[{"name":"wp","href":"https:\/\/api.w.org\/{rel}","templated":true}]}}