{"id":3933,"date":"2023-04-11T09:44:40","date_gmt":"2023-04-11T09:44:40","guid":{"rendered":"https:\/\/criacoesvirginia.pt\/loja\/?post_type=product&#038;p=3933"},"modified":"2023-06-26T10:35:32","modified_gmt":"2023-06-26T10:35:32","slug":"saco-nordico-hotelaria-cetim-100-algodao","status":"publish","type":"product","link":"https:\/\/criacoesvirginia.pt\/loja\/produto\/saco-nordico-hotelaria-cetim-100-algodao\/","title":{"rendered":"Saco N\u00f3rdico Hotelaria"},"content":{"rendered":"<p>Um saco n\u00f3rdico em em qualquer um dos tecidos \u00e0 sua escolha (50% Poli\u00e9ster 50% Algod\u00e3o; 100% Algod\u00e3o 144 fios m2; 100% Algod\u00e3o Percal 200 fios m2 ou Cetim 100% Algod\u00e3o 300 fios m2), fabricado com a garantia da certifica\u00e7\u00e3o OEKO-TEX e com um acabamento suave, conservando ao m\u00e1ximo as propriedades do tecido<em>,<\/em> proporcionando assim uma maior durabilidade, assim como um \u00f3timo conforto para que tenha um descanso saud\u00e1vel e um sono reparador.<\/p>\n<p><em>Est\u00e1 dispon\u00edvel em branco e v\u00e1rias medidas.\u00a0<\/em><\/p>\n<p>*Fronhas de almofada n\u00e3o inclu\u00eddas<\/p>\n<p><em>O selo de qualidade Oeko-Tex\u00ae garante que os artigos testados e certificados n\u00e3o apresentam subst\u00e2ncias prejudiciais \u00e0 sa\u00fade.<\/em><\/p>\n<p>Fabricado em Portugal.<\/p>\n<p><em>Cria\u00e7\u00f5es Virg\u00ednia\u00ae<\/em><\/p>\n","protected":false},"excerpt":{"rendered":"<h1>Saco N\u00f3rdico Hotelaria<\/h1>\n<p>Saco de Edred\u00e3o de Hotelaria, com selo de qualidade Oeko-Tex\u00ae.<\/p>\n<p><em>Est\u00e1 dispon\u00edvel em v\u00e1rias medidas, na cor branco.<\/em><\/p>\n<p>Fabricado em qualquer uma das qualidades dispon\u00edveis, este saco de edred\u00e3o da nossa marca\u00a0<em>Cria\u00e7\u00f5es Virg\u00ednia\u00ae<\/em>, combina o melhor da tecnologia com a\u00a0<em>qualidade do tecido!<\/em><\/p>\n<ul>\n<li>Visite-nos no\u00a0<a href=\"https:\/\/www.facebook.com\/CriacoesVirginia\" target=\"_blank\" rel=\"noopener noreferrer\">Facebook\u00a0<\/a>ou\u00a0<a href=\"https:\/\/www.instagram.com\/criacoesvirginia\/\" target=\"_blank\" rel=\"noopener noreferrer\">Instagram<\/a>\u00a0e acompanhe todas as novidades!<\/li>\n<\/ul>\n<p><em><strong>*Fronhas de almofada n\u00e3o inclu\u00eddas<\/strong><\/em><\/p>\n<p><em>Produto fabricado em Portugal<\/em><\/p>\n<p><em>Cria\u00e7\u00f5es Virg\u00ednia\u00ae<\/em><\/p>\n","protected":false},"featured_media":3922,"template":"","meta":{"_monsterinsights_skip_tracking":false,"_monsterinsights_sitenote_active":false,"_monsterinsights_sitenote_note":"","_monsterinsights_sitenote_category":0},"product_brand":[],"product_cat":[219,18],"product_tag":[29],"class_list":{"0":"post-3933","1":"product","2":"type-product","3":"status-publish","4":"has-post-thumbnail","6":"product_cat-hotelaria","7":"product_cat-sacos-nordicos","8":"product_tag-colecao-saco-nordico","10":"first","11":"instock","12":"taxable","13":"shipping-taxable","14":"purchasable","15":"product-type-variable","16":"has-default-attributes"},"_links":{"self":[{"href":"https:\/\/criacoesvirginia.pt\/loja\/wp-json\/wp\/v2\/product\/3933","targetHints":{"allow":["GET"]}}],"collection":[{"href":"https:\/\/criacoesvirginia.pt\/loja\/wp-json\/wp\/v2\/product"}],"about":[{"href":"https:\/\/criacoesvirginia.pt\/loja\/wp-json\/wp\/v2\/types\/product"}],"wp:featuredmedia":[{"embeddable":true,"href":"https:\/\/criacoesvirginia.pt\/loja\/wp-json\/wp\/v2\/media\/3922"}],"wp:attachment":[{"href":"https:\/\/criacoesvirginia.pt\/loja\/wp-json\/wp\/v2\/media?parent=3933"}],"wp:term":[{"taxonomy":"product_brand","embeddable":true,"href":"https:\/\/criacoesvirginia.pt\/loja\/wp-json\/wp\/v2\/product_brand?post=3933"},{"taxonomy":"product_cat","embeddable":true,"href":"https:\/\/criacoesvirginia.pt\/loja\/wp-json\/wp\/v2\/product_cat?post=3933"},{"taxonomy":"product_tag","embeddable":true,"href":"https:\/\/criacoesvirginia.pt\/loja\/wp-json\/wp\/v2\/product_tag?post=3933"}],"curies":[{"name":"wp","href":"https:\/\/api.w.org\/{rel}","templated":true}]}}