{"id":3792,"date":"2023-04-05T16:25:44","date_gmt":"2023-04-05T16:25:44","guid":{"rendered":"https:\/\/criacoesvirginia.pt\/loja\/?post_type=product&#038;p=3792"},"modified":"2024-02-14T16:10:28","modified_gmt":"2024-02-14T16:10:28","slug":"jogo-de-cama-100-algodao-percal-ajour","status":"publish","type":"product","link":"https:\/\/criacoesvirginia.pt\/loja\/produto\/jogo-de-cama-100-algodao-percal-ajour\/","title":{"rendered":"Jogo de Cama c\/ Ajour"},"content":{"rendered":"<p>Um jogo de cama em <em>100% algod\u00e3o 144 fios \/m2, 100% algod\u00e3o percal<\/em>, 200 fios\/m2 ou cetim 100% algod\u00e3o 300 fios\/m2, fabricado com a garantia da certifica\u00e7\u00e3o OEKO-TEX e com um acabamento que confere aos len\u00e7\u00f3is um toque natural e suave, conservando ao m\u00e1ximo as propriedades do tecido<em>,<\/em> proporcionando assim uma maior durabilidade, assim como um \u00f3timo conforto para que tenha um descanso saud\u00e1vel e um sono reparador.<\/p>\n<p>O len\u00e7ol de cima e as fronhas s\u00e3o lisos com ajour aplicado na ponta, a toda a largura. O len\u00e7ol de baixo \u00e9 ajust\u00e1vel ao seu colch\u00e3o, e tem a mesma cor do len\u00e7ol de cima.<\/p>\n<p>Fabricado em <i>qualquer uma das qualidades de tecido dispon\u00edveis<\/i>, este jogo de len\u00e7\u00f3is da nossa marca <em>Pura &#8211; home textile\u00ae<\/em>, combina o melhor da tecnologia com a <em>pureza do algod\u00e3o!<\/em><\/p>\n<p><em>Est\u00e1 dispon\u00edvel em v\u00e1rias medidas e tecidos, na cor branco.<\/em><\/p>\n<p>O tamanho das fronhas \u00e9 de 50x70cm. O jogo de casal tem duas fronhas e o de solteiro apenas uma.<\/p>\n<p><em>O selo de qualidade Oeko-Tex\u00ae garante que os artigos testados e certificados n\u00e3o apresentam subst\u00e2ncias prejudiciais \u00e0 sa\u00fade.<\/em><\/p>\n<p>Fabricado em Portugal.<\/p>\n<p><em>Cria\u00e7\u00f5es Virg\u00ednia\u00ae<\/em><\/p>\n<p>&nbsp;<\/p>\n<p><img fetchpriority=\"high\" decoding=\"async\" class=\"alignnone wp-image-1174 size-full\" src=\"https:\/\/criacoesvirginia.pt\/loja\/wp-content\/uploads\/2022\/03\/icones-lavagem-3.png\" alt=\"\" width=\"2902\" height=\"3079\" srcset=\"https:\/\/criacoesvirginia.pt\/loja\/wp-content\/uploads\/2022\/03\/icones-lavagem-3.png 2902w, https:\/\/criacoesvirginia.pt\/loja\/wp-content\/uploads\/2022\/03\/icones-lavagem-3-283x300.png 283w, https:\/\/criacoesvirginia.pt\/loja\/wp-content\/uploads\/2022\/03\/icones-lavagem-3-965x1024.png 965w, https:\/\/criacoesvirginia.pt\/loja\/wp-content\/uploads\/2022\/03\/icones-lavagem-3-768x815.png 768w, https:\/\/criacoesvirginia.pt\/loja\/wp-content\/uploads\/2022\/03\/icones-lavagem-3-1448x1536.png 1448w, https:\/\/criacoesvirginia.pt\/loja\/wp-content\/uploads\/2022\/03\/icones-lavagem-3-1930x2048.png 1930w, https:\/\/criacoesvirginia.pt\/loja\/wp-content\/uploads\/2022\/03\/icones-lavagem-3-1000x1061.png 1000w\" sizes=\"(max-width: 2902px) 100vw, 2902px\" \/><\/p>\n","protected":false},"excerpt":{"rendered":"<h1>Jogo de Cama c\/ Ajour<\/h1>\n<p>Jogo de cama com ajour, com selo de qualidade Oeko-Tex\u00ae.<\/p>\n<p><em>Est\u00e1 dispon\u00edvel em v\u00e1rias medidas, na cor branco.<\/em><\/p>\n<p>Fabricado em qualquer uma das qualidades dispon\u00edveis, este jogo de len\u00e7\u00f3is da nossa marca <em>Pura &#8211; home textile\u00ae<\/em>, combina o melhor da tecnologia com a <em>pureza do algod\u00e3o!<\/em><\/p>\n<p>&nbsp;<\/p>\n<ul>\n<li>Visite-nos no <a href=\"https:\/\/www.facebook.com\/CriacoesVirginia\" target=\"_blank\" rel=\"noopener noreferrer\">Facebook <\/a>ou\u00a0<a href=\"https:\/\/www.instagram.com\/criacoesvirginia\/\" target=\"_blank\" rel=\"noopener noreferrer\">Instagram<\/a>\u00a0e acompanhe todas as novidades!<\/li>\n<\/ul>\n<p>&nbsp;<\/p>\n<p><em>Produto fabricado em Portugal<\/em><\/p>\n<p><em>Cria\u00e7\u00f5es Virg\u00ednia\u00ae<\/em><\/p>\n","protected":false},"featured_media":3880,"template":"","meta":{"_monsterinsights_skip_tracking":false,"_monsterinsights_sitenote_active":false,"_monsterinsights_sitenote_note":"","_monsterinsights_sitenote_category":0},"product_brand":[],"product_cat":[219,17],"product_tag":[],"class_list":{"0":"post-3792","1":"product","2":"type-product","3":"status-publish","4":"has-post-thumbnail","6":"product_cat-hotelaria","7":"product_cat-jogos-de-cama","9":"first","10":"instock","11":"taxable","12":"shipping-taxable","13":"purchasable","14":"product-type-variable","15":"has-default-attributes"},"_links":{"self":[{"href":"https:\/\/criacoesvirginia.pt\/loja\/wp-json\/wp\/v2\/product\/3792","targetHints":{"allow":["GET"]}}],"collection":[{"href":"https:\/\/criacoesvirginia.pt\/loja\/wp-json\/wp\/v2\/product"}],"about":[{"href":"https:\/\/criacoesvirginia.pt\/loja\/wp-json\/wp\/v2\/types\/product"}],"wp:featuredmedia":[{"embeddable":true,"href":"https:\/\/criacoesvirginia.pt\/loja\/wp-json\/wp\/v2\/media\/3880"}],"wp:attachment":[{"href":"https:\/\/criacoesvirginia.pt\/loja\/wp-json\/wp\/v2\/media?parent=3792"}],"wp:term":[{"taxonomy":"product_brand","embeddable":true,"href":"https:\/\/criacoesvirginia.pt\/loja\/wp-json\/wp\/v2\/product_brand?post=3792"},{"taxonomy":"product_cat","embeddable":true,"href":"https:\/\/criacoesvirginia.pt\/loja\/wp-json\/wp\/v2\/product_cat?post=3792"},{"taxonomy":"product_tag","embeddable":true,"href":"https:\/\/criacoesvirginia.pt\/loja\/wp-json\/wp\/v2\/product_tag?post=3792"}],"curies":[{"name":"wp","href":"https:\/\/api.w.org\/{rel}","templated":true}]}}