{"id":3745,"date":"2023-04-03T14:45:37","date_gmt":"2023-04-03T14:45:37","guid":{"rendered":"https:\/\/criacoesvirginia.pt\/loja\/?post_type=product&#038;p=3745"},"modified":"2024-05-08T14:05:07","modified_gmt":"2024-05-08T14:05:07","slug":"lencol-de-cima-100-algodao-percal","status":"publish","type":"product","link":"https:\/\/criacoesvirginia.pt\/loja\/produto\/lencol-de-cima-100-algodao-percal\/","title":{"rendered":"Len\u00e7ol de Cima 100% Algod\u00e3o Percal"},"content":{"rendered":"<p>Len\u00e7ol de cima em <em>100% algod\u00e3o percal<\/em>, 200 fios\/m2, fabricado com a garantia da certifica\u00e7\u00e3o OEKO-TEX e com um <a href=\"https:\/\/pt.wikipedia.org\/wiki\/Tingimento_reativo\" target=\"_blank\" rel=\"noopener\"><em><strong>tingimento reativo<\/strong><\/em><\/a> que confere ao tecido um toque natural e suave, conservando ao m\u00e1ximo as propriedades da cor do tecido<em>,<\/em>\u00a0proporcionando assim uma maior durabilidade, assim como um \u00f3timo conforto para que tenha um descanso saud\u00e1vel e um sono reparador.<\/p>\n<p>O <em>len\u00e7ol de cima<\/em> \u00e9 liso com uma <em>bainha simples <\/em>a toda a volta.<\/p>\n<p>Fabricado em 100% <em>algod\u00e3o<\/em>, este produto da nossa marca <em>Pura &#8211; home textile\u00ae<\/em>, combina o melhor da tecnologia com a pureza do algod\u00e3o!<\/p>\n<p>Est\u00e1 dispon\u00edvel em v\u00e1rias cores e medidas!<\/p>\n<p>*<strong><em>Apresentado em saco de cabide.<\/em><\/strong><\/p>\n<blockquote>\n<h2>Tamb\u00e9m dispon\u00edvel em separado Len\u00e7ol Ajust\u00e1vel, <a href=\"https:\/\/criacoesvirginia.pt\/loja\/produto\/par-de-fronhas-100-algodao-percal\/\">Fronhas de Almofada<\/a>!<\/h2>\n<p><strong>Escolha a sua combina\u00e7\u00e3o perfeita!<\/strong><\/p><\/blockquote>\n<p><em>O selo de qualidade Oeko-Tex\u00ae garante que os artigos testados e certificados n\u00e3o apresentam subst\u00e2ncias prejudiciais \u00e0 sa\u00fade.<\/em><\/p>\n<p>Fabricado em Portugal.<\/p>\n<p><em>Cria\u00e7\u00f5es Virg\u00ednia\u00ae<\/em><\/p>\n","protected":false},"excerpt":{"rendered":"<h1>Len\u00e7ol de Cima 100% Algod\u00e3o Percal<\/h1>\n<p>Len\u00e7ol de cima em <em>100% algod\u00e3o percal<\/em>, 200 fios\/m2, fabricado com a garantia da certifica\u00e7\u00e3o OEKO-TEX e com um <a href=\"https:\/\/pt.wikipedia.org\/wiki\/Tingimento_reativo\" target=\"_blank\" rel=\"noopener\"><em><strong>tingimento reativo<\/strong><\/em><\/a> que confere ao tecido um toque natural e suave, conservando ao m\u00e1ximo as propriedades da cor do tecido<em>,<\/em>\u00a0proporcionando assim uma maior durabilidade, assim como um \u00f3timo conforto para que tenha um descanso saud\u00e1vel e um sono reparador.<\/p>\n<p><em>Est\u00e1 dispon\u00edvel em v\u00e1rias cores e medidas!<\/em><\/p>\n<blockquote>\n<h2>Tamb\u00e9m dispon\u00edvel em separado Len\u00e7ol Ajust\u00e1vel, Fronhas de Almofada!<\/h2>\n<p><strong>Escolha a sua combina\u00e7\u00e3o perfeita!<\/strong><\/p><\/blockquote>\n<p>Fabricado em <em>100%<\/em>\u00a0<em>algod\u00e3o<\/em>, este produto da nossa marca Pura &#8211; home textile<em>\u00ae<\/em>, combina o melhor da tecnologia com a\u00a0<em>pureza do algod\u00e3o!<\/em><\/p>\n<ul>\n<li>Visite-nos no\u00a0<a href=\"https:\/\/www.facebook.com\/CriacoesVirginia\" target=\"_blank\" rel=\"noopener noreferrer\">Facebook\u00a0<\/a>ou\u00a0<a href=\"https:\/\/www.instagram.com\/criacoesvirginia\/\" target=\"_blank\" rel=\"noopener noreferrer\">Instagram<\/a>\u00a0e acompanhe todas as novidades!<\/li>\n<\/ul>\n<p>&nbsp;<\/p>\n<p><em>Produto fabricado em Portugal<\/em><\/p>\n<p><em>Cria\u00e7\u00f5es Virg\u00ednia\u00ae<\/em><\/p>\n","protected":false},"featured_media":3755,"template":"","meta":{"_monsterinsights_skip_tracking":false,"_monsterinsights_sitenote_active":false,"_monsterinsights_sitenote_note":"","_monsterinsights_sitenote_category":0},"product_brand":[],"product_cat":[281],"product_tag":[280],"class_list":{"0":"post-3745","1":"product","2":"type-product","3":"status-publish","4":"has-post-thumbnail","6":"product_cat-lencol-de-cima","7":"product_tag-lencol-de-cima","9":"first","10":"instock","11":"taxable","12":"shipping-taxable","13":"purchasable","14":"product-type-variable","15":"has-default-attributes"},"_links":{"self":[{"href":"https:\/\/criacoesvirginia.pt\/loja\/wp-json\/wp\/v2\/product\/3745","targetHints":{"allow":["GET"]}}],"collection":[{"href":"https:\/\/criacoesvirginia.pt\/loja\/wp-json\/wp\/v2\/product"}],"about":[{"href":"https:\/\/criacoesvirginia.pt\/loja\/wp-json\/wp\/v2\/types\/product"}],"wp:featuredmedia":[{"embeddable":true,"href":"https:\/\/criacoesvirginia.pt\/loja\/wp-json\/wp\/v2\/media\/3755"}],"wp:attachment":[{"href":"https:\/\/criacoesvirginia.pt\/loja\/wp-json\/wp\/v2\/media?parent=3745"}],"wp:term":[{"taxonomy":"product_brand","embeddable":true,"href":"https:\/\/criacoesvirginia.pt\/loja\/wp-json\/wp\/v2\/product_brand?post=3745"},{"taxonomy":"product_cat","embeddable":true,"href":"https:\/\/criacoesvirginia.pt\/loja\/wp-json\/wp\/v2\/product_cat?post=3745"},{"taxonomy":"product_tag","embeddable":true,"href":"https:\/\/criacoesvirginia.pt\/loja\/wp-json\/wp\/v2\/product_tag?post=3745"}],"curies":[{"name":"wp","href":"https:\/\/api.w.org\/{rel}","templated":true}]}}