{"id":361,"date":"2020-08-05T08:14:52","date_gmt":"2020-08-05T08:14:52","guid":{"rendered":"https:\/\/criacoesvirginia.pt\/loja\/?post_type=product&#038;p=361"},"modified":"2023-04-12T16:35:24","modified_gmt":"2023-04-12T16:35:24","slug":"jogo-de-cama-colecao-isa","status":"publish","type":"product","link":"https:\/\/criacoesvirginia.pt\/loja\/produto\/jogo-de-cama-colecao-isa\/","title":{"rendered":"Jogo de Cama 100% Algod\u00e3o &#8211; Cole\u00e7\u00e3o Isa"},"content":{"rendered":"<p>Um jogo de cama em 100% algod\u00e3o, 144 fios\/m2, fabricado com a garantia da certifica\u00e7\u00e3o OEKO-TEX e com um acabamento macio que confere aos len\u00e7\u00f3is um toque suave, proporcionando um maior conforto para que tenha um descanso saud\u00e1vel e um sono reparador.<\/p>\n<p>O len\u00e7ol de cima e as fronhas s\u00e3o lisos com uma barra de bordado ingl\u00eas aplicada a toda a largura que lhe transmite um toque de requinte, o len\u00e7ol de baixo \u00e9 ajust\u00e1vel ao seu colch\u00e3o, com a mesma cor do len\u00e7ol de cima.<\/p>\n<p>Fabricado em puro algod\u00e3o, este jogo de len\u00e7\u00f3is da nossa marca <em>Pura &#8211; home textile\u00ae<\/em>, combina o melhor da tecnologia com a pureza do algod\u00e3o.<\/p>\n<p>Est\u00e1 dispon\u00edvel em v\u00e1rias medidas, nas cores, branco e bege.<\/p>\n<p>Escolha a sua combina\u00e7\u00e3o perfeita!<\/p>\n<p>O tamanho das fronhas \u00e9 de 50x70cm. O jogo de casal tem duas fronhas e o de solteiro apenas uma.<\/p>\n<p><em>O selo de qualidade Oeko-Tex\u00ae garante que os artigos testados e certificados n\u00e3o apresentam subst\u00e2ncias prejudiciais \u00e0 sa\u00fade.<\/em><\/p>\n<p>Fabricado em Portugal.<\/p>\n<p><em>Cria\u00e7\u00f5es Virg\u00ednia\u00ae<\/em><\/p>\n<p>&nbsp;<\/p>\n","protected":false},"excerpt":{"rendered":"<h1>Cole\u00e7\u00e3o Isa<\/h1>\n<p>Jogo de cama em 100% Algod\u00e3o, com selo de qualidade Oeko-Tex\u00ae.<\/p>\n<p>Fabricado em puro algod\u00e3o, este jogo de len\u00e7\u00f3is da nossa marca <em>Pura &#8211; home textile\u00ae<\/em>, est\u00e1 dispon\u00edvel em v\u00e1rias medidas, nas cores branco e bege.<\/p>\n<h2>Tamb\u00e9m dispon\u00edvel em<a href=\"https:\/\/criacoesvirginia.pt\/loja\/produto\/jogo-de-banho-colecao-isa\/\" target=\"_blank\" rel=\"noopener noreferrer\"> Jogo de Banho<\/a> e <a href=\"https:\/\/criacoesvirginia.pt\/loja\/produto\/saco-nordico-100-algodao-colecao-isa\/\">Saco N\u00f3rdico<\/a>!<\/h2>\n<ul>\n<li>Visite-nos no <a href=\"https:\/\/www.facebook.com\/CriacoesVirginia\" target=\"_blank\" rel=\"noopener noreferrer\">Facebook <\/a>ou\u00a0<a href=\"https:\/\/www.instagram.com\/criacoesvirginia\/\" target=\"_blank\" rel=\"noopener noreferrer\">Instagram<\/a>\u00a0e acompanhe todas as novidades!<\/li>\n<\/ul>\n<p>&nbsp;<\/p>\n<p><em>Produto fabricado em Portugal<\/em><\/p>\n<p><em>Cria\u00e7\u00f5es Virg\u00ednia\u00ae<\/em><\/p>\n","protected":false},"featured_media":995,"template":"","meta":{"_monsterinsights_skip_tracking":false,"_monsterinsights_sitenote_active":false,"_monsterinsights_sitenote_note":"","_monsterinsights_sitenote_category":0},"product_brand":[],"product_cat":[17],"product_tag":[150],"class_list":{"0":"post-361","1":"product","2":"type-product","3":"status-publish","4":"has-post-thumbnail","6":"product_cat-jogos-de-cama","7":"product_tag-colecao-isa","9":"first","10":"instock","11":"taxable","12":"shipping-taxable","13":"purchasable","14":"product-type-variable","15":"has-default-attributes"},"_links":{"self":[{"href":"https:\/\/criacoesvirginia.pt\/loja\/wp-json\/wp\/v2\/product\/361","targetHints":{"allow":["GET"]}}],"collection":[{"href":"https:\/\/criacoesvirginia.pt\/loja\/wp-json\/wp\/v2\/product"}],"about":[{"href":"https:\/\/criacoesvirginia.pt\/loja\/wp-json\/wp\/v2\/types\/product"}],"wp:featuredmedia":[{"embeddable":true,"href":"https:\/\/criacoesvirginia.pt\/loja\/wp-json\/wp\/v2\/media\/995"}],"wp:attachment":[{"href":"https:\/\/criacoesvirginia.pt\/loja\/wp-json\/wp\/v2\/media?parent=361"}],"wp:term":[{"taxonomy":"product_brand","embeddable":true,"href":"https:\/\/criacoesvirginia.pt\/loja\/wp-json\/wp\/v2\/product_brand?post=361"},{"taxonomy":"product_cat","embeddable":true,"href":"https:\/\/criacoesvirginia.pt\/loja\/wp-json\/wp\/v2\/product_cat?post=361"},{"taxonomy":"product_tag","embeddable":true,"href":"https:\/\/criacoesvirginia.pt\/loja\/wp-json\/wp\/v2\/product_tag?post=361"}],"curies":[{"name":"wp","href":"https:\/\/api.w.org\/{rel}","templated":true}]}}