{"id":325,"date":"2020-06-23T08:32:15","date_gmt":"2020-06-23T08:32:15","guid":{"rendered":"https:\/\/criacoesvirginia.pt\/loja\/?post_type=product&#038;p=325"},"modified":"2024-05-08T14:35:26","modified_gmt":"2024-05-08T14:35:26","slug":"jogo-de-cama-colecao-percal","status":"publish","type":"product","link":"https:\/\/criacoesvirginia.pt\/loja\/produto\/jogo-de-cama-colecao-percal\/","title":{"rendered":"Jogo de Cama 100% Algod\u00e3o Percal &#8211; Cole\u00e7\u00e3o Percal"},"content":{"rendered":"<p>Um jogo de cama em 100% algod\u00e3o percal, 200 fios\/m2, fabricado com a garantia da certifica\u00e7\u00e3o OEKO-TEX e com um acabamento macio que confere aos len\u00e7\u00f3is um toque suave, proporcionando um maior conforto para que tenha um descansado saud\u00e1vel e um sono reparador.<\/p>\n<p>O percal \u00e9 uma mat\u00e9ria nobre com tecelagem apertada, constitu\u00eddo com fios finos em puro algod\u00e3o penteado, a t\u00e9cnica de confe\u00e7\u00e3o em Percal de algod\u00e3o, concede ao tecido um toque macio e fresco, sendo um \u00f3timo regulador de temperatura.<\/p>\n<p>O len\u00e7ol de cima e as fronhas s\u00e3o lisos apenas com uma bainha simples no topo, o len\u00e7ol de baixo \u00e9 ajust\u00e1vel ao seu colch\u00e3o, com a mesma cor do len\u00e7ol de cima.<\/p>\n<p>Este jogo \u00e9 ideal para quem aprecia a qualidade do percal mas gosta do seu quarto com um toque simples e requintado.<\/p>\n<p>Fabricado em puro algod\u00e3o percal, este jogo de len\u00e7\u00f3is da nossa marca <em>Pura &#8211; home textile\u00ae<\/em>, combina o melhor da tecnologia com a pureza do algod\u00e3o!<\/p>\n<p>Est\u00e1 dispon\u00edvel em v\u00e1rias cores e medidas.<\/p>\n<p>Escolha a sua combina\u00e7\u00e3o perfeita!<\/p>\n<p>O tamanho das fronhas \u00e9 de 50x70cm. O jogo de casal tem duas fronhas e o de solteiro apenas uma.<\/p>\n<p><em>O selo de qualidade Oeko-Tex\u00ae garante que os artigos testados e certificados n\u00e3o apresentam subst\u00e2ncias prejudiciais \u00e0 sa\u00fade.<\/em><\/p>\n<p>Fabricado em Portugal.<\/p>\n<p><em>Cria\u00e7\u00f5es Virg\u00ednia\u00ae<\/em><\/p>\n","protected":false},"excerpt":{"rendered":"<h1>Cole\u00e7\u00e3o Percal<\/h1>\n<p>Jogo de cama em 100% Algod\u00e3o Percal, com selo de qualidade Oeko-Tex\u00ae.<\/p>\n<p>O percal \u00e9 uma mat\u00e9ria nobre com tecelagem apertada, constitu\u00eddo com fios finos em puro algod\u00e3o penteado, a t\u00e9cnica de confe\u00e7\u00e3o em Percal de algod\u00e3o, concede ao tecido um toque macio e fresco, sendo um \u00f3timo regulador de temperatura.<\/p>\n<p>Fabricado em puro algod\u00e3o percal, este jogo de cama da nossa marca <em>Pura &#8211; home textile\u00ae<\/em>, est\u00e1 dispon\u00edvel em v\u00e1rias cores e medidas.<\/p>\n<ul>\n<li>Visite-nos no <a href=\"https:\/\/www.facebook.com\/CriacoesVirginia\" target=\"_blank\" rel=\"noopener noreferrer\">Facebook <\/a>ou\u00a0<a href=\"https:\/\/www.instagram.com\/criacoesvirginia\/\" target=\"_blank\" rel=\"noopener noreferrer\">Instagram<\/a>\u00a0e acompanhe todas as novidades!<\/li>\n<\/ul>\n<p>&nbsp;<\/p>\n<p><em>Produto fabricado em Portugal<\/em><\/p>\n<p><em>Cria\u00e7\u00f5es Virg\u00ednia\u00ae<\/em><\/p>\n","protected":false},"featured_media":2069,"template":"","meta":{"_monsterinsights_skip_tracking":false,"_monsterinsights_sitenote_active":false,"_monsterinsights_sitenote_note":"","_monsterinsights_sitenote_category":0},"product_brand":[],"product_cat":[17],"product_tag":[138],"class_list":{"0":"post-325","1":"product","2":"type-product","3":"status-publish","4":"has-post-thumbnail","6":"product_cat-jogos-de-cama","7":"product_tag-colecao-percal","9":"first","10":"instock","11":"taxable","12":"shipping-taxable","13":"purchasable","14":"product-type-variable","15":"has-default-attributes"},"_links":{"self":[{"href":"https:\/\/criacoesvirginia.pt\/loja\/wp-json\/wp\/v2\/product\/325","targetHints":{"allow":["GET"]}}],"collection":[{"href":"https:\/\/criacoesvirginia.pt\/loja\/wp-json\/wp\/v2\/product"}],"about":[{"href":"https:\/\/criacoesvirginia.pt\/loja\/wp-json\/wp\/v2\/types\/product"}],"wp:featuredmedia":[{"embeddable":true,"href":"https:\/\/criacoesvirginia.pt\/loja\/wp-json\/wp\/v2\/media\/2069"}],"wp:attachment":[{"href":"https:\/\/criacoesvirginia.pt\/loja\/wp-json\/wp\/v2\/media?parent=325"}],"wp:term":[{"taxonomy":"product_brand","embeddable":true,"href":"https:\/\/criacoesvirginia.pt\/loja\/wp-json\/wp\/v2\/product_brand?post=325"},{"taxonomy":"product_cat","embeddable":true,"href":"https:\/\/criacoesvirginia.pt\/loja\/wp-json\/wp\/v2\/product_cat?post=325"},{"taxonomy":"product_tag","embeddable":true,"href":"https:\/\/criacoesvirginia.pt\/loja\/wp-json\/wp\/v2\/product_tag?post=325"}],"curies":[{"name":"wp","href":"https:\/\/api.w.org\/{rel}","templated":true}]}}