{"id":3236,"date":"2023-03-27T17:14:21","date_gmt":"2023-03-27T17:14:21","guid":{"rendered":"https:\/\/criacoesvirginia.pt\/loja\/?post_type=product&#038;p=3236"},"modified":"2023-10-23T17:20:37","modified_gmt":"2023-10-23T17:20:37","slug":"par-de-fronhas-100-algodao-cv","status":"publish","type":"product","link":"https:\/\/criacoesvirginia.pt\/loja\/produto\/par-de-fronhas-100-algodao-cv\/","title":{"rendered":"Par de Fronhas 100% Algod\u00e3o CV"},"content":{"rendered":"<p>Um par de fronhas em <em>100% algod\u00e3o<\/em>, fabricado com a garantia da certifica\u00e7\u00e3o OEKO-TEX e com um <em><strong>tingimento em pigmentos<\/strong><\/em>, possuindo um acabamento suave gra\u00e7as ao seu tecido fresco.<\/p>\n<p>As fronhas 50x70cm s\u00e3o lisas com uma <em>bainha simples <\/em>na ponta<em>, <\/em>s\u00e3o abertas de um lado e t\u00eam uma pala interior de (+\/- 15cm) para que possa ajustar facilmente a fronha \u00e0 sua almofada!<\/p>\n<p>As fronhas 50x50cm t\u00eam uma abertura a meio com uma pala (+\/- 5cm) para que possa ajustar facilmente \u00e0 sua almofada!<\/p>\n<p>Fabricadas em 100% <em>algod\u00e3o<\/em>, estas fronhas de almofada da nossa marca <em>Cria\u00e7\u00f5es Virg\u00ednia\u00ae<\/em>, combinam o melhor da tecnologia com a pureza do algod\u00e3o!<\/p>\n<p>Est\u00e3o dispon\u00edveis em v\u00e1rias cores.<\/p>\n<p>Escolha a sua combina\u00e7\u00e3o perfeita!<\/p>\n<p>A embalagem cont\u00e9m 2 fronhas.<\/p>\n<p><em>O selo de qualidade Oeko-Tex\u00ae garante que os artigos testados e certificados n\u00e3o apresentam subst\u00e2ncias prejudiciais \u00e0 sa\u00fade.<\/em><\/p>\n<p>Fabricado em Portugal.<\/p>\n<p><em>Cria\u00e7\u00f5es Virg\u00ednia\u00ae<\/em><\/p>\n","protected":false},"excerpt":{"rendered":"<p>Par de Fronhas em <em>100% Algod\u00e3o<\/em>, com selo de qualidade Oeko-Tex\u00ae e\u00a0<em><strong>tingimento em pigmentos!<\/strong><\/em><\/p>\n<p><em>Est\u00e3o dispon\u00edveis em v\u00e1rias cores!<\/em><\/p>\n<p>As medidas das fronhas dispon\u00edveis s\u00e3o de 50x70cm e 50x50cm.<\/p>\n<p>Cada embalagem possui 2 fronhas de almofada!<\/p>\n<blockquote>\n<h2>Tamb\u00e9m dispon\u00edvel em separado Len\u00e7ol de Cima, <em>Len\u00e7ol Ajust\u00e1vel<\/em><em>!<\/em><\/h2>\n<p><strong>Escolha a sua combina\u00e7\u00e3o perfeita!<\/strong><\/p><\/blockquote>\n<p>Fabricadas em <em>100%<\/em>\u00a0<em>algod\u00e3o<\/em>, este par de fronhas da nossa marca <em>Cria\u00e7\u00f5es Virg\u00ednia\u00ae<\/em>, combina o melhor da tecnologia com a\u00a0<em>pureza do algod\u00e3o!<\/em><\/p>\n<ul>\n<li>Visite-nos no\u00a0<a href=\"https:\/\/www.facebook.com\/CriacoesVirginia\" target=\"_blank\" rel=\"noopener noreferrer\">Facebook\u00a0<\/a>ou\u00a0<a href=\"https:\/\/www.instagram.com\/criacoesvirginia\/\" target=\"_blank\" rel=\"noopener noreferrer\">Instagram<\/a>\u00a0e acompanhe todas as novidades!<\/li>\n<\/ul>\n<p>&nbsp;<\/p>\n<p><em>Produto fabricado em Portugal<\/em><\/p>\n<p><em>Cria\u00e7\u00f5es Virg\u00ednia\u00ae<\/em><\/p>\n","protected":false},"featured_media":3610,"template":"","meta":{"_monsterinsights_skip_tracking":false,"_monsterinsights_sitenote_active":false,"_monsterinsights_sitenote_note":"","_monsterinsights_sitenote_category":0},"product_brand":[],"product_cat":[164],"product_tag":[166],"class_list":{"0":"post-3236","1":"product","2":"type-product","3":"status-publish","4":"has-post-thumbnail","6":"product_cat-fronhas-de-almofadas","7":"product_tag-fronhas-de-almofada","9":"first","10":"instock","11":"taxable","12":"shipping-taxable","13":"purchasable","14":"product-type-variable","15":"has-default-attributes"},"_links":{"self":[{"href":"https:\/\/criacoesvirginia.pt\/loja\/wp-json\/wp\/v2\/product\/3236","targetHints":{"allow":["GET"]}}],"collection":[{"href":"https:\/\/criacoesvirginia.pt\/loja\/wp-json\/wp\/v2\/product"}],"about":[{"href":"https:\/\/criacoesvirginia.pt\/loja\/wp-json\/wp\/v2\/types\/product"}],"wp:featuredmedia":[{"embeddable":true,"href":"https:\/\/criacoesvirginia.pt\/loja\/wp-json\/wp\/v2\/media\/3610"}],"wp:attachment":[{"href":"https:\/\/criacoesvirginia.pt\/loja\/wp-json\/wp\/v2\/media?parent=3236"}],"wp:term":[{"taxonomy":"product_brand","embeddable":true,"href":"https:\/\/criacoesvirginia.pt\/loja\/wp-json\/wp\/v2\/product_brand?post=3236"},{"taxonomy":"product_cat","embeddable":true,"href":"https:\/\/criacoesvirginia.pt\/loja\/wp-json\/wp\/v2\/product_cat?post=3236"},{"taxonomy":"product_tag","embeddable":true,"href":"https:\/\/criacoesvirginia.pt\/loja\/wp-json\/wp\/v2\/product_tag?post=3236"}],"curies":[{"name":"wp","href":"https:\/\/api.w.org\/{rel}","templated":true}]}}