{"id":1877,"date":"2023-03-16T11:55:16","date_gmt":"2023-03-16T11:55:16","guid":{"rendered":"https:\/\/criacoesvirginia.pt\/loja\/?post_type=product&#038;p=1877"},"modified":"2023-04-12T15:25:54","modified_gmt":"2023-04-12T15:25:54","slug":"jogo-de-banho-100-algodao-colecao-rubi","status":"publish","type":"product","link":"https:\/\/criacoesvirginia.pt\/loja\/produto\/jogo-de-banho-100-algodao-colecao-rubi\/","title":{"rendered":"Jogo de Banho 100% Algod\u00e3o &#8211; Cole\u00e7\u00e3o Rubi"},"content":{"rendered":"<p>Um jogo de banho em <em>100% algod\u00e3o<\/em>, 550grs\/m2, fabricado com a garantia da certifica\u00e7\u00e3o OEKO-TEX e com um acabamento com um toque natural e suave, conservando ao m\u00e1ximo as propriedades naturais do <em>Algod\u00e3o,<\/em> proporcionando assim um maior conforto e absor\u00e7\u00e3o.<\/p>\n<p>Conjunto de toalhas com <em>renda bordado ingl\u00eas e barra de cor<\/em> aplicados no topo das toalhas.<\/p>\n<p>Est\u00e1 dispon\u00edvel em <strong>6 ou 3 pe\u00e7as,<\/strong><\/p>\n<p>O conjunto de 6 toalhas tem as seguintes medidas\/quantidades:<\/p>\n<blockquote><p>2 \u2013 Len\u00e7\u00f3is banho 1.00&#215;1.50m<\/p>\n<p>2 \u2013 Toalhas 0.50&#215;1.00m<\/p>\n<p>2 \u2013 Toalhetes 0.30&#215;0.50m<\/p><\/blockquote>\n<p>O conjunto de 3 toalhas tem as seguintes medidas\/quantidades:<\/p>\n<blockquote><p>1 \u2013 Len\u00e7ol banho 1.00&#215;1.50m<\/p>\n<p>1 \u2013 Toalha 0.50&#215;1.00m<\/p>\n<p>1 \u2013 Toalhete 0.30&#215;0.50m<\/p><\/blockquote>\n<p><strong>Escolha a sua combina\u00e7\u00e3o perfeita!<\/strong><\/p>\n<p><em>O selo de qualidade Oeko-Tex\u00ae garante que os artigos testados e certificados n\u00e3o apresentam subst\u00e2ncias prejudiciais \u00e0 sa\u00fade.<\/em><\/p>\n<p>Fabricado em Portugal.<\/p>\n<p><em>Cria\u00e7\u00f5es Virg\u00ednia\u00ae<\/em><\/p>\n","protected":false},"excerpt":{"rendered":"<h1>Cole\u00e7\u00e3o Rubi<\/h1>\n<p>Jogo de banho em <em>100% Algod\u00e3o<\/em>, com selo de qualidade Oeko-Tex\u00ae.<\/p>\n<p>Fabricado em puro <em>algod\u00e3o<\/em>, este jogo de banho da nossa marca <em>Pura &#8211; home textile\u00ae<\/em>, est\u00e1 dispon\u00edvel em <strong><em>6 ou 3 pe\u00e7as!<\/em><\/strong><\/p>\n<p><strong>Escolha a sua combina\u00e7\u00e3o perfeita!<\/strong><\/p>\n<blockquote>\n<h2>Tamb\u00e9m dispon\u00edvel em <em><a href=\"https:\/\/criacoesvirginia.pt\/loja\/produto\/jogo-de-cama-colecao-sara\/\">Jogo de Cama<\/a>!<\/em><\/h2>\n<\/blockquote>\n<ul>\n<li>Visite-nos no <a href=\"https:\/\/www.facebook.com\/CriacoesVirginia\" target=\"_blank\" rel=\"noopener noreferrer\">Facebook <\/a>ou\u00a0<a href=\"https:\/\/www.instagram.com\/criacoesvirginia\/\" target=\"_blank\" rel=\"noopener noreferrer\">Instagram<\/a>\u00a0e acompanhe todas as novidades!<\/li>\n<\/ul>\n<p>&nbsp;<\/p>\n<p><em>Produto fabricado em Portugal<\/em><\/p>\n<p><em>Cria\u00e7\u00f5es Virg\u00ednia\u00ae<\/em><\/p>\n","protected":false},"featured_media":1898,"template":"","meta":{"_monsterinsights_skip_tracking":false,"_monsterinsights_sitenote_active":false,"_monsterinsights_sitenote_note":"","_monsterinsights_sitenote_category":0},"product_brand":[],"product_cat":[16],"product_tag":[239],"class_list":{"0":"post-1877","1":"product","2":"type-product","3":"status-publish","4":"has-post-thumbnail","6":"product_cat-jogos-de-banho","7":"product_tag-b-rubi","9":"first","10":"instock","11":"taxable","12":"shipping-taxable","13":"purchasable","14":"product-type-variable","15":"has-default-attributes"},"_links":{"self":[{"href":"https:\/\/criacoesvirginia.pt\/loja\/wp-json\/wp\/v2\/product\/1877","targetHints":{"allow":["GET"]}}],"collection":[{"href":"https:\/\/criacoesvirginia.pt\/loja\/wp-json\/wp\/v2\/product"}],"about":[{"href":"https:\/\/criacoesvirginia.pt\/loja\/wp-json\/wp\/v2\/types\/product"}],"wp:featuredmedia":[{"embeddable":true,"href":"https:\/\/criacoesvirginia.pt\/loja\/wp-json\/wp\/v2\/media\/1898"}],"wp:attachment":[{"href":"https:\/\/criacoesvirginia.pt\/loja\/wp-json\/wp\/v2\/media?parent=1877"}],"wp:term":[{"taxonomy":"product_brand","embeddable":true,"href":"https:\/\/criacoesvirginia.pt\/loja\/wp-json\/wp\/v2\/product_brand?post=1877"},{"taxonomy":"product_cat","embeddable":true,"href":"https:\/\/criacoesvirginia.pt\/loja\/wp-json\/wp\/v2\/product_cat?post=1877"},{"taxonomy":"product_tag","embeddable":true,"href":"https:\/\/criacoesvirginia.pt\/loja\/wp-json\/wp\/v2\/product_tag?post=1877"}],"curies":[{"name":"wp","href":"https:\/\/api.w.org\/{rel}","templated":true}]}}