{"id":1792,"date":"2023-03-16T11:40:25","date_gmt":"2023-03-16T11:40:25","guid":{"rendered":"https:\/\/criacoesvirginia.pt\/loja\/?post_type=product&#038;p=1792"},"modified":"2023-06-19T09:46:30","modified_gmt":"2023-06-19T09:46:30","slug":"jogo-de-cama-100-algodao-colecao-hera","status":"publish","type":"product","link":"https:\/\/criacoesvirginia.pt\/loja\/produto\/jogo-de-cama-100-algodao-colecao-hera\/","title":{"rendered":"Jogo de Cama 100% Algod\u00e3o &#8211; Cole\u00e7\u00e3o Hera"},"content":{"rendered":"<p>Um jogo de cama em <em>100% algod\u00e3o<\/em>, 144 fios\/m2, fabricado com a garantia da certifica\u00e7\u00e3o OEKO-TEX e com um <a href=\"https:\/\/pt.wikipedia.org\/wiki\/Tingimento_reativo\" target=\"_blank\" rel=\"noopener\"><em><strong>tingimento reativo<\/strong><\/em><\/a>.<\/p>\n<p><em>Est\u00e1 dispon\u00edvel em v\u00e1rias cores e medidas.<\/em><\/p>\n<p><strong>Escolha a sua combina\u00e7\u00e3o perfeita!<\/strong><\/p>\n<p>O tamanho das fronhas \u00e9 de 50x70cm. O jogo de casal tem duas fronhas e o de solteiro apenas uma.<\/p>\n<p><em>O selo de qualidade Oeko-Tex\u00ae garante que os artigos testados e certificados n\u00e3o apresentam subst\u00e2ncias prejudiciais \u00e0 sa\u00fade.<\/em><\/p>\n<p>Fabricado em Portugal.<\/p>\n<p><em>Cria\u00e7\u00f5es Virg\u00ednia\u00ae<\/em><\/p>\n","protected":false},"excerpt":{"rendered":"<h1>Cole\u00e7\u00e3o Hera<\/h1>\n<p><em>Est\u00e1 dispon\u00edvel em v\u00e1rias cores e medidas.<\/em><\/p>\n<p><strong>Escolha a sua combina\u00e7\u00e3o perfeita!<\/strong><\/p>\n<p>O tamanho das fronhas \u00e9 de 50x70cm. O jogo de casal tem duas fronhas e o de solteiro apenas uma.<\/p>\n<p><em>O selo de qualidade Oeko-Tex\u00ae garante que os artigos testados e certificados n\u00e3o apresentam subst\u00e2ncias prejudiciais \u00e0 sa\u00fade.<\/em><\/p>\n<p>Fabricado em Portugal.<\/p>\n<p><em>Cria\u00e7\u00f5es Virg\u00ednia\u00ae<\/em><\/p>\n","protected":false},"featured_media":1842,"template":"","meta":{"_monsterinsights_skip_tracking":false,"_monsterinsights_sitenote_active":false,"_monsterinsights_sitenote_note":"","_monsterinsights_sitenote_category":0},"product_brand":[],"product_cat":[17],"product_tag":[249],"class_list":{"0":"post-1792","1":"product","2":"type-product","3":"status-publish","4":"has-post-thumbnail","6":"product_cat-jogos-de-cama","7":"product_tag-colecao-hera","9":"first","10":"instock","11":"taxable","12":"shipping-taxable","13":"purchasable","14":"product-type-variable","15":"has-default-attributes"},"_links":{"self":[{"href":"https:\/\/criacoesvirginia.pt\/loja\/wp-json\/wp\/v2\/product\/1792","targetHints":{"allow":["GET"]}}],"collection":[{"href":"https:\/\/criacoesvirginia.pt\/loja\/wp-json\/wp\/v2\/product"}],"about":[{"href":"https:\/\/criacoesvirginia.pt\/loja\/wp-json\/wp\/v2\/types\/product"}],"wp:featuredmedia":[{"embeddable":true,"href":"https:\/\/criacoesvirginia.pt\/loja\/wp-json\/wp\/v2\/media\/1842"}],"wp:attachment":[{"href":"https:\/\/criacoesvirginia.pt\/loja\/wp-json\/wp\/v2\/media?parent=1792"}],"wp:term":[{"taxonomy":"product_brand","embeddable":true,"href":"https:\/\/criacoesvirginia.pt\/loja\/wp-json\/wp\/v2\/product_brand?post=1792"},{"taxonomy":"product_cat","embeddable":true,"href":"https:\/\/criacoesvirginia.pt\/loja\/wp-json\/wp\/v2\/product_cat?post=1792"},{"taxonomy":"product_tag","embeddable":true,"href":"https:\/\/criacoesvirginia.pt\/loja\/wp-json\/wp\/v2\/product_tag?post=1792"}],"curies":[{"name":"wp","href":"https:\/\/api.w.org\/{rel}","templated":true}]}}