{"id":1152,"date":"2022-04-01T09:27:21","date_gmt":"2022-04-01T09:27:21","guid":{"rendered":"https:\/\/criacoesvirginia.pt\/loja\/?post_type=product&#038;p=1152"},"modified":"2023-06-16T16:19:06","modified_gmt":"2023-06-16T16:19:06","slug":"jogo-de-cama-50-poliester-50-algodao-bainha-simples","status":"publish","type":"product","link":"https:\/\/criacoesvirginia.pt\/loja\/produto\/jogo-de-cama-50-poliester-50-algodao-bainha-simples\/","title":{"rendered":"Jogo de Cama 50% Poli\u00e9ster 50% Algod\u00e3o &#8211; Bainha Simples"},"content":{"rendered":"<p>Um jogo de cama em 50<em>% poli\u00e9ster <\/em>50<em>% algod\u00e3o<\/em>, fabricado com a garantia da certifica\u00e7\u00e3o OEKO-TEX e com um acabamento suave, conservando ao m\u00e1ximo as propriedades do tecido<em>,<\/em> proporcionando assim uma maior durabilidade, assim como um \u00f3timo conforto para que tenha um descanso saud\u00e1vel e um sono reparador.<\/p>\n<p>O len\u00e7ol de cima e as fronhas s\u00e3o lisos com uma bainha em ponto aberto aplicada na ponta, a toda a largura. O len\u00e7ol de baixo \u00e9 ajust\u00e1vel ao seu colch\u00e3o, e tem a mesma cor do len\u00e7ol de cima.<\/p>\n<p>Fabricado em 50<em>% poli\u00e9ster <\/em>50<em>% algod\u00e3o<\/em>, este jogo de len\u00e7\u00f3is \u00e9 indicado para hotelaria, visto que o poli\u00e9ster confere-lhe mais resist\u00eancia, aguentando assim mais lavagens e torna-se mais f\u00e1cil de passar a ferro, pois n\u00e3o engelha tanto como o tecido de apenas algod\u00e3o.<\/p>\n<p><em>Est\u00e1 dispon\u00edvel em v\u00e1rias medidas, na cor branco.<\/em><\/p>\n<p>O tamanho das fronhas \u00e9 de 50x70cm. O jogo de casal tem duas fronhas e o de solteiro apenas uma.<\/p>\n<p><em>O selo de qualidade Oeko-Tex\u00ae garante que os artigos testados e certificados n\u00e3o apresentam subst\u00e2ncias prejudiciais \u00e0 sa\u00fade.<\/em><\/p>\n<p>Fabricado em Portugal.<\/p>\n<p><em>Cria\u00e7\u00f5es Virg\u00ednia\u00ae<\/em><\/p>\n<p>&nbsp;<\/p>\n<p><img fetchpriority=\"high\" decoding=\"async\" class=\"alignnone size-full wp-image-1175\" src=\"https:\/\/criacoesvirginia.pt\/loja\/wp-content\/uploads\/2022\/04\/icones-lavagem-scaled.jpg\" alt=\"\" width=\"2413\" height=\"2560\" srcset=\"https:\/\/criacoesvirginia.pt\/loja\/wp-content\/uploads\/2022\/04\/icones-lavagem-scaled.jpg 2413w, https:\/\/criacoesvirginia.pt\/loja\/wp-content\/uploads\/2022\/04\/icones-lavagem-283x300.jpg 283w, https:\/\/criacoesvirginia.pt\/loja\/wp-content\/uploads\/2022\/04\/icones-lavagem-965x1024.jpg 965w, https:\/\/criacoesvirginia.pt\/loja\/wp-content\/uploads\/2022\/04\/icones-lavagem-768x815.jpg 768w, https:\/\/criacoesvirginia.pt\/loja\/wp-content\/uploads\/2022\/04\/icones-lavagem-1448x1536.jpg 1448w, https:\/\/criacoesvirginia.pt\/loja\/wp-content\/uploads\/2022\/04\/icones-lavagem-1930x2048.jpg 1930w, https:\/\/criacoesvirginia.pt\/loja\/wp-content\/uploads\/2022\/04\/icones-lavagem-1000x1061.jpg 1000w\" sizes=\"(max-width: 2413px) 100vw, 2413px\" \/><\/p>\n","protected":false},"excerpt":{"rendered":"<h1>Bainha Simples<\/h1>\n<p>Jogo de cama em 50<em>% poli\u00e9ster <\/em>50<em>% algod\u00e3o<\/em>, com selo de qualidade Oeko-Tex\u00ae.<\/p>\n<p><em>Est\u00e1 dispon\u00edvel em v\u00e1rias medidas, na cor branco.<\/em><\/p>\n<p>Fabricado em 50<em>% poli\u00e9ster <\/em>50<em>% algod\u00e3o<\/em>, este jogo de len\u00e7\u00f3is \u00e9 indicado para hotelaria, visto que o poli\u00e9ster confere-lhe mais resist\u00eancia, aguentando assim mais lavagens e torna-se mais f\u00e1cil de passar a ferro, pois n\u00e3o engelha tanto como o tecido de apenas algod\u00e3o.<\/p>\n<p>&nbsp;<\/p>\n<ul>\n<li>Visite-nos no <a href=\"https:\/\/www.facebook.com\/CriacoesVirginia\" target=\"_blank\" rel=\"noopener noreferrer\">Facebook <\/a>ou\u00a0<a href=\"https:\/\/www.instagram.com\/criacoesvirginia\/\" target=\"_blank\" rel=\"noopener noreferrer\">Instagram<\/a>\u00a0e acompanhe todas as novidades!<\/li>\n<\/ul>\n<p>&nbsp;<\/p>\n<p><em>Produto fabricado em Portugal<\/em><\/p>\n<p><em>Cria\u00e7\u00f5es Virg\u00ednia\u00ae<\/em><\/p>\n","protected":false},"featured_media":1734,"template":"","meta":{"_monsterinsights_skip_tracking":false,"_monsterinsights_sitenote_active":false,"_monsterinsights_sitenote_note":"","_monsterinsights_sitenote_category":0},"product_brand":[],"product_cat":[219,17],"product_tag":[230],"class_list":{"0":"post-1152","1":"product","2":"type-product","3":"status-publish","4":"has-post-thumbnail","6":"product_cat-hotelaria","7":"product_cat-jogos-de-cama","8":"product_tag-bainha-simples","10":"first","11":"instock","12":"taxable","13":"shipping-taxable","14":"purchasable","15":"product-type-variable","16":"has-default-attributes"},"_links":{"self":[{"href":"https:\/\/criacoesvirginia.pt\/loja\/wp-json\/wp\/v2\/product\/1152","targetHints":{"allow":["GET"]}}],"collection":[{"href":"https:\/\/criacoesvirginia.pt\/loja\/wp-json\/wp\/v2\/product"}],"about":[{"href":"https:\/\/criacoesvirginia.pt\/loja\/wp-json\/wp\/v2\/types\/product"}],"wp:featuredmedia":[{"embeddable":true,"href":"https:\/\/criacoesvirginia.pt\/loja\/wp-json\/wp\/v2\/media\/1734"}],"wp:attachment":[{"href":"https:\/\/criacoesvirginia.pt\/loja\/wp-json\/wp\/v2\/media?parent=1152"}],"wp:term":[{"taxonomy":"product_brand","embeddable":true,"href":"https:\/\/criacoesvirginia.pt\/loja\/wp-json\/wp\/v2\/product_brand?post=1152"},{"taxonomy":"product_cat","embeddable":true,"href":"https:\/\/criacoesvirginia.pt\/loja\/wp-json\/wp\/v2\/product_cat?post=1152"},{"taxonomy":"product_tag","embeddable":true,"href":"https:\/\/criacoesvirginia.pt\/loja\/wp-json\/wp\/v2\/product_tag?post=1152"}],"curies":[{"name":"wp","href":"https:\/\/api.w.org\/{rel}","templated":true}]}}