{"id":1133,"date":"2022-03-31T16:44:20","date_gmt":"2022-03-31T16:44:20","guid":{"rendered":"https:\/\/criacoesvirginia.pt\/loja\/?post_type=product&#038;p=1133"},"modified":"2023-04-17T13:59:18","modified_gmt":"2023-04-17T13:59:18","slug":"almofada-confort-100-algodao","status":"publish","type":"product","link":"https:\/\/criacoesvirginia.pt\/loja\/produto\/almofada-confort-100-algodao\/","title":{"rendered":"Almofada Confort 100% Algod\u00e3o"},"content":{"rendered":"<p>Uma almofada <em>100% algod\u00e3o<\/em>, fabricada com fibras suaves e acabamento com um toque natural e suave, esta almofada \u00e9 flex\u00edvel, fresca e volta facilmente \u00e0 sua posi\u00e7\u00e3o original<em>,<\/em> proporcionando assim um maior conforto e estabilidade.<\/p>\n<p>Esta almofada \u00e9 caraterizada pelo seu enchimento em algod\u00e3o, conferindo assim um toque e aspeto cheio e firme para o seu melhor conforto.<\/p>\n<p>Escolha a sua medida ideal!<\/p>\n<p>Est\u00e1 dispon\u00edvel em\u00a0<strong>duas medidas,<\/strong><\/p>\n<p>A almofada tem as seguintes medida:<\/p>\n<blockquote><p>1 \u2013 Enchimento 0.50&#215;0.50m<\/p>\n<p>1 \u2013 Enchimento 0.50&#215;0.65m<\/p>\n<p>&nbsp;<\/p><\/blockquote>\n","protected":false},"excerpt":{"rendered":"<h1>Almofada Confort em <em>100% Algod\u00e3o<\/em><\/h1>\n<p>Fabricada em puro <em>algod\u00e3o<\/em>, esta almofada, est\u00e1 dispon\u00edvel em duas medidas de modo a conjugar com os sacos n\u00f3rdicos e os jogos de cama, respetivamente, conseguindo assim uma <strong><em>decora\u00e7\u00e3o \u00fanica!<\/em><\/strong><\/p>\n<p><strong>Escolha a sua medida ideal!<\/strong><\/p>\n<h2>Tamb\u00e9m dispon\u00edvel o <a href=\"https:\/\/criacoesvirginia.pt\/loja\/produto\/miolo-de-edredao-microfibra\/\">Edred\u00e3o de Aquecimento<\/a>!<\/h2>\n<ul>\n<li>Visite-nos no\u00a0<a href=\"https:\/\/www.facebook.com\/CriacoesVirginia\" target=\"_blank\" rel=\"noopener noreferrer\">Facebook\u00a0<\/a>ou\u00a0<a href=\"https:\/\/www.instagram.com\/criacoesvirginia\/\" target=\"_blank\" rel=\"noopener noreferrer\">Instagram<\/a>\u00a0e acompanhe todas as novidades!<\/li>\n<\/ul>\n<p>&nbsp;<\/p>\n<p><em>Produto fabricado em Portugal<\/em><\/p>\n<p><em>Cria\u00e7\u00f5es Virg\u00ednia\u00ae<\/em><\/p>\n","protected":false},"featured_media":1136,"template":"","meta":{"_monsterinsights_skip_tracking":false,"_monsterinsights_sitenote_active":false,"_monsterinsights_sitenote_note":"","_monsterinsights_sitenote_category":0},"product_brand":[],"product_cat":[219,164,17,18],"product_tag":[222],"class_list":{"0":"post-1133","1":"product","2":"type-product","3":"status-publish","4":"has-post-thumbnail","6":"product_cat-hotelaria","7":"product_cat-fronhas-de-almofadas","8":"product_cat-jogos-de-cama","9":"product_cat-sacos-nordicos","10":"product_tag-almofada-confort","12":"first","13":"instock","14":"taxable","15":"shipping-taxable","16":"purchasable","17":"product-type-variable","18":"has-default-attributes"},"_links":{"self":[{"href":"https:\/\/criacoesvirginia.pt\/loja\/wp-json\/wp\/v2\/product\/1133","targetHints":{"allow":["GET"]}}],"collection":[{"href":"https:\/\/criacoesvirginia.pt\/loja\/wp-json\/wp\/v2\/product"}],"about":[{"href":"https:\/\/criacoesvirginia.pt\/loja\/wp-json\/wp\/v2\/types\/product"}],"wp:featuredmedia":[{"embeddable":true,"href":"https:\/\/criacoesvirginia.pt\/loja\/wp-json\/wp\/v2\/media\/1136"}],"wp:attachment":[{"href":"https:\/\/criacoesvirginia.pt\/loja\/wp-json\/wp\/v2\/media?parent=1133"}],"wp:term":[{"taxonomy":"product_brand","embeddable":true,"href":"https:\/\/criacoesvirginia.pt\/loja\/wp-json\/wp\/v2\/product_brand?post=1133"},{"taxonomy":"product_cat","embeddable":true,"href":"https:\/\/criacoesvirginia.pt\/loja\/wp-json\/wp\/v2\/product_cat?post=1133"},{"taxonomy":"product_tag","embeddable":true,"href":"https:\/\/criacoesvirginia.pt\/loja\/wp-json\/wp\/v2\/product_tag?post=1133"}],"curies":[{"name":"wp","href":"https:\/\/api.w.org\/{rel}","templated":true}]}}